{"id":154,"date":"2016-05-26T17:09:51","date_gmt":"2016-05-26T16:09:51","guid":{"rendered":"https:\/\/www.appartementlocationcannes.com\/?page_id=154&#038;lang=en"},"modified":"2026-03-16T20:43:46","modified_gmt":"2026-03-16T19:43:46","slug":"events","status":"publish","type":"page","link":"https:\/\/www.appartementlocationcannes.com\/en\/events\/","title":{"rendered":"Events"},"content":{"rendered":"<ul>\n<li>\n<\/li>\n<li>\n<\/li>\n<li>\n<\/li>\n<li>\n<\/li>\n<\/ul>\n<h1>\u00c9v\u00e9nements<\/h1>\n<hr>\n<ul>\n<li>\n<p>        <img decoding=\"async\" src=\"\/wp-content\/uploads\/2016\/05\/Mipim-logo.jpg\" alt=\"\"><\/p>\n<h3>MIPIM <\/h3>\n<p>Du 9 Mars au 12 Mars 2027<\/p>\n<div>\n<p>Le MIPIM, le plus grand march\u00e9 international des professionnels de l\u2019immobilier, r\u00e9unit les plus influents acteurs de tous les secteurs de l\u2019immobilier, offrant un acc\u00e8s in\u00e9gal\u00e9 aux plus grands projets de d\u00e9veloppement immobiliers et aux sources de capitaux \u00e0 l\u2019international.<\/p>\n<\/div>\n<p><a href=\"https:\/\/www.mipim.com\/\">Visiter le site<\/a><\/p>\n<\/li>\n<li>\n<p>        <img decoding=\"async\" src=\"\/wp-content\/uploads\/2016\/05\/Miptv-logo.jpg\" alt=\"\"><\/p>\n<h3>MIPTV<\/h3>\n<p>Du 23 Avril au 28 Avril 2026<\/p>\n<div>\n<p>Chaque ann\u00e9e en avril, les plus grands distributeurs et acheteurs du monde entier participent au MIPTV pour acqu\u00e9rir et vendre les droits des programmes de demain, forger des accords de co-production, assister aux conf\u00e9rences mondialement r\u00e9put\u00e9es et networker avec les grands acteurs de l\u2019industrie audiovisuelle. MIPTV est l\u2019endroit id\u00e9al pour les producteurs avant-gardistes qui lancent les contenus innovants, fa\u00e7onnant non seulement ce que nous regardons mais aussi comment nous les regardons.<\/p>\n<\/div>\n<p><a href=\"http:\/\/www.miptv.com\/\">Visiter le site<\/a><\/p>\n<\/li>\n<li>\n<p>        <img decoding=\"async\" src=\"\/wp-content\/uploads\/2016\/05\/Festival_de_Cannes_logo.png\" alt=\"\"><\/p>\n<h3>Festival International du Film<\/h3>\n<p>Du 12 Mai au 23 Mai 2026<\/p>\n<div>Le Festival de Cannes fait r\u00e9sonner dans le monde le Palais des Festivals et des Congr\u00e8s de Cannes. Glamour, magique et l\u00e9gendaire, c\u2019est le plus important festival de cin\u00e9ma au monde et le plus bel \u00e9v\u00e9nement culturel. 30 000 professionnels et passionn\u00e9s, pr\u00e8s de 5 000 journalistes, des dizaines de stars et une cit\u00e9 toute enti\u00e8re d\u00e9di\u00e9e au 7\u00e8me Art. Le r\u00f4le du Festival de Cannes dans l\u2019\u00e9volution du cin\u00e9ma mondial est d\u00e9terminant, dans l\u2019histoire de Cannes \u00e9galement comme dans celle du Palais des Festivals. <\/div>\n<p><a href=\"http:\/\/www.festival-cannes.com\/fr\/\">Visiter le site<\/a><\/p>\n<\/li>\n<li>\n<p>        <img decoding=\"async\" src=\"\/wp-content\/uploads\/2016\/05\/Cannes-Lions-logo.jpg\" alt=\"\"><\/p>\n<h3>Cannes Lions<\/h3>\n<p>Du 22 Juin au 26 Juin 2026<\/p>\n<div>C\u2019est la nature m\u00eame de Cannes que d\u2019\u00eatre sous le feu des projecteurs. Que ce soit ceux du cin\u00e9ma ou de la publicit\u00e9. Le Cannes Lions International Festival of Creativity n\u2019a d\u2019ailleurs plus \u00e0 prouver son int\u00e9r\u00eat et sa renomm\u00e9e puisqu\u2019il rassemble chaque ann\u00e9e depuis 1954 des milliers de courts-m\u00e9trages, annonces, affiches et autres produits dans le secteur de la communication cr\u00e9ative.<\/div>\n<p><a href=\"https:\/\/www.canneslions.com\/\">Visiter le site<\/a><\/p>\n<\/li>\n<li>\n<p>        <img decoding=\"async\" src=\"\/wp-content\/uploads\/2023\/09\/CYF_logo-1.png\" alt=\"\"><\/p>\n<h3>Festival International de la plaisance<\/h3>\n<p>Du 8 Septembre au 13 Septembre 2026<\/p>\n<div>Le Yachting Festival se tient chaque ann\u00e9e au mois de septembre dans la scintillante baie de Cannes. Premier Salon nautique de la saison o\u00f9 les avant-premi\u00e8res mondiales sont pr\u00e9sent\u00e9es en exclusivit\u00e9.<\/div>\n<p><a href=\"http:\/\/www.cannesyachtingfestival.com\/\">Visiter le site<\/a><\/p>\n<\/li>\n<li>\n<p>        <img decoding=\"async\" src=\"\/wp-content\/uploads\/2016\/05\/TWFA-logo.png\" alt=\"\"><\/p>\n<h3>Tax Free<\/h3>\n<p>Du 28 Septembre au 1er Octobre 2026<\/p>\n<div>TFWA est le rendez-vous annuel international pour l\u2019industrie du duty free. Cet \u00e9v\u00e9nement unique au monde qui r\u00e9unit plus de 3 000 marques prestigieuses se tient en octobre. Le salon est l\u2019\u00e9v\u00e9nement principal de ce secteur. TFWA propose \u00e9galement un programme de conf\u00e9rence et de workshops o\u00f9 se partagent id\u00e9es, exp\u00e9riences et o\u00f9 se d\u00e9veloppent des affaires.<\/div>\n<p><a href=\"http:\/\/www.tfwa.com\/duty_free\/Home.4.0.html\">Visiter le site<\/a><\/p>\n<\/li>\n<li>\n<p>        <img decoding=\"async\" src=\"\/wp-content\/uploads\/2016\/05\/Mipcom-logo.png\" alt=\"\"><\/p>\n<h3>MIPCOM<\/h3>\n<p>Du 12 Octobre au 15 Octobre 2026<\/p>\n<div>\n<p>MIPCOM est le leader mondial des contenus audiovisuels pour la cr\u00e9ation, la co-production, l\u2019achat, la vente, le financement et la distribution des contenus sur toutes les plateformes (media, tv, mobile, cin\u00e9ma, internet, etc.).<\/p>\n<\/div>\n<p><a href=\"http:\/\/www.mipcom.com\/\">Visiter le site<\/a><\/p>\n<\/li>\n<li>\n<p>        <img decoding=\"async\" src=\"\/wp-content\/uploads\/2016\/05\/MdM_logo.jpg\" alt=\"\"><\/p>\n<h3>Mare Di Moda<\/h3>\n<p>Du 27 Octobre au 29 Octobre 2026<\/p>\n<div>\n<p>Le salon MARE DI MODA \u00e0 Cannes est la plus c\u00e9l\u00e8bre session d\u2019affaires pour tous les professionnels qui recherchent le prestige dans la mode des v\u00eatements de plage et des dessous.<\/p>\n<\/div>\n<p><a href=\"http:\/\/www.maredimoda.com\/cannes\/cannes-2016\/index.html?L=1\">Visiter le site<\/a><\/p>\n<\/li>\n<li>\n<p>        <img decoding=\"async\" src=\"\/wp-content\/uploads\/2016\/05\/Mapic-logo.png\" alt=\"\"><\/p>\n<h3>MAPIC<\/h3>\n<p>Du 4 Novembre au 5 Novembre 2026<\/p>\n<div>Le MAPIC rassemble plus de 8 500 participants internationaux, dont plus de 2 100 enseignes. Durant 3 jours d\u2019exposition, de conf\u00e9rences et d\u2019\u00e9v\u00e9nements de networking, le MAPIC r\u00e9unit tout type d\u2019immobilier de commerce : centres commerciaux, villes, magasins d\u2019usine, zones de loisirs et de transit. Le salon MAPIC permet aux diff\u00e9rents acteurs de sceller de nouveaux partenariats mais \u00e9galement d\u2019\u00eatre \u00e0 la pointe des derni\u00e8res innovations du secteur avec les espaces d\u00e9di\u00e9s, Innovation Forum et Leisure Area.<\/div>\n<p><a href=\"http:\/\/www.mapic.com\/\">Visiter le site<\/a><\/p>\n<\/li>\n<li>\n<p>        <img decoding=\"async\" src=\"\/wp-content\/uploads\/2019\/12\/iltm-international-luxury-travel-market-8580-1.gif\" alt=\"\"><\/p>\n<h3>ILTM<\/h3>\n<p>Du 30 Novembre  au 3 D\u00e9cembre 2026<\/p>\n<div>L\u2019International Luxury Travel Market (ILTM) est le principal \u00e9v\u00e9nement pour l\u2019industrie business-to-business du voyage de luxe. Cannes accueille le salon international du tourisme et du voyage de   luxe. ILTM repr\u00e9sente la plus forte concentration au monde de professionnels du voyage haut de gamme.<\/div>\n<p><a href=\"http:\/\/www.iltm.com\/\">Visiter le site<\/a><\/p>\n<\/li>\n<\/ul>\n<p><!--more--><br \/>\n<!-- {\"type\":\"layout\",\"children\":[{\"type\":\"section\",\"props\":{\"css\":\".el-section {\\n    border-bottom: 10px solid #3eafbc;\\n}\",\"height\":\"viewport\",\"height_offset_top\":true,\"height_viewport\":80,\"image_position\":\"center-center\",\"padding\":\"xsmall\",\"padding_remove_bottom\":true,\"style\":\"default\",\"title_breakpoint\":\"xl\",\"title_position\":\"top-left\",\"title_rotation\":\"left\",\"vertical_align\":\"middle\",\"width\":\"\"},\"children\":[{\"type\":\"row\",\"children\":[{\"type\":\"column\",\"props\":{\"image_position\":\"center-center\",\"position_sticky_breakpoint\":\"m\"},\"children\":[{\"type\":\"map\",\"props\":{\"controls\":true,\"dragging\":false,\"image_height\":\"200\",\"image_link\":true,\"image_svg_color\":\"emphasis\",\"image_width\":\"300\",\"link_style\":\"default\",\"link_text\":\"\",\"margin\":\"default\",\"max_zoom\":18,\"meta_align\":\"below-title\",\"meta_element\":\"div\",\"meta_margin\":\"remove\",\"meta_style\":\"text-meta\",\"min_zoom\":0,\"poi\":false,\"show_content\":true,\"show_image\":true,\"show_link\":true,\"show_meta\":true,\"show_title\":true,\"title_element\":\"h3\",\"title_hover_style\":\"heading\",\"title_link\":true,\"title_style\":\"h5\",\"type\":\"roadmap\",\"viewport_height\":\"viewport\",\"viewport_height_viewport\":80,\"zoom\":\"14\",\"zooming\":false},\"children\":[{\"type\":\"map_item\",\"props\":{\"marker_icon\":\"wp-content\\\/uploads\\\/2016\\\/05\\\/1P_pin.png\"},\"source\":{\"query\":{\"name\":\"aitItems.customAitItems\",\"arguments\":{\"terms\":[8],\"ait_items_operator\":\"IN\",\"users\":[],\"users_operator\":\"IN\",\"offset\":0,\"limit\":10,\"order\":\"date\",\"order_direction\":\"DESC\"}},\"props\":{\"location\":{\"filters\":{\"search\":\"\"},\"name\":\"field.carte.coordinates\"},\"title\":{\"filters\":{\"search\":\"\"},\"name\":\"title\"},\"meta\":{\"filters\":{\"search\":\"\"},\"name\":\"field.subtitle\"},\"image\":{\"filters\":{\"search\":\"\"},\"name\":\"featuredImage.url\"},\"image_alt\":{\"filters\":{\"search\":\"\"},\"name\":\"featuredImage.alt\"},\"link\":{\"filters\":{\"search\":\"\"},\"name\":\"link\"}}}},{\"type\":\"map_item\",\"props\":{\"marker_icon\":\"wp-content\\\/uploads\\\/2016\\\/05\\\/2P_pin.png\"},\"source\":{\"query\":{\"name\":\"aitItems.customAitItems\",\"arguments\":{\"terms\":[13],\"ait_items_operator\":\"IN\",\"users\":[],\"users_operator\":\"IN\",\"offset\":0,\"limit\":10,\"order\":\"date\",\"order_direction\":\"DESC\"}},\"props\":{\"location\":{\"filters\":{\"search\":\"\"},\"name\":\"field.carte.coordinates\"},\"title\":{\"filters\":{\"search\":\"\"},\"name\":\"title\"},\"meta\":{\"filters\":{\"search\":\"\"},\"name\":\"field.subtitle\"},\"image\":{\"filters\":{\"search\":\"\"},\"name\":\"featuredImage.url\"},\"image_alt\":{\"filters\":{\"search\":\"\"},\"name\":\"featuredImage.alt\"},\"link\":{\"filters\":{\"search\":\"\"},\"name\":\"link\"}}}},{\"type\":\"map_item\",\"props\":{\"marker_icon\":\"wp-content\\\/uploads\\\/2016\\\/05\\\/3P_pin.png\"},\"source\":{\"query\":{\"name\":\"aitItems.customAitItems\",\"arguments\":{\"terms\":[14],\"ait_items_operator\":\"IN\",\"users\":[],\"users_operator\":\"IN\",\"offset\":0,\"limit\":10,\"order\":\"date\",\"order_direction\":\"DESC\"}},\"props\":{\"location\":{\"filters\":{\"search\":\"\"},\"name\":\"field.carte.coordinates\"},\"title\":{\"filters\":{\"search\":\"\"},\"name\":\"title\"},\"meta\":{\"filters\":{\"search\":\"\"},\"name\":\"field.subtitle\"},\"image\":{\"filters\":{\"search\":\"\"},\"name\":\"featuredImage.url\"},\"image_alt\":{\"filters\":{\"search\":\"\"},\"name\":\"featuredImage.alt\"},\"link\":{\"filters\":{\"search\":\"\"},\"name\":\"link\"}}}},{\"type\":\"map_item\",\"props\":{\"marker_icon\":\"wp-content\\\/uploads\\\/2016\\\/05\\\/4P_pin.png\"},\"source\":{\"query\":{\"name\":\"aitItems.customAitItems\",\"arguments\":{\"terms\":[18],\"ait_items_operator\":\"IN\",\"users\":[],\"users_operator\":\"IN\",\"offset\":0,\"limit\":10,\"order\":\"date\",\"order_direction\":\"DESC\"}},\"props\":{\"location\":{\"filters\":{\"search\":\"\"},\"name\":\"field.carte.coordinates\"},\"title\":{\"filters\":{\"search\":\"\"},\"name\":\"title\"},\"meta\":{\"filters\":{\"search\":\"\"},\"name\":\"field.subtitle\"},\"image\":{\"filters\":{\"search\":\"\"},\"name\":\"featuredImage.url\"},\"image_alt\":{\"filters\":{\"search\":\"\"},\"name\":\"featuredImage.alt\"},\"link\":{\"filters\":{\"search\":\"\"},\"name\":\"link\"}}}}]}]}]}]},{\"type\":\"section\",\"props\":{\"image_position\":\"center-center\",\"style\":\"default\",\"title_breakpoint\":\"xl\",\"title_position\":\"top-left\",\"title_rotation\":\"left\",\"vertical_align\":\"\",\"width\":\"default\"},\"children\":[{\"type\":\"row\",\"children\":[{\"type\":\"column\",\"props\":{\"image_position\":\"center-center\",\"position_sticky_breakpoint\":\"m\",\"width_medium\":\"2-3\"},\"children\":[{\"type\":\"headline\",\"props\":{\"content\":\"\\u00c9v\\u00e9nements\",\"title_element\":\"h1\"}},{\"type\":\"divider\",\"props\":{\"divider_element\":\"hr\",\"divider_style\":\"small\"}},{\"type\":\"grid\",\"props\":{\"content_column_breakpoint\":\"m\",\"css\":\".el-link {\\n    display: flex;\\n    justify-content: flex-end;\\n}\",\"filter_align\":\"left\",\"filter_all\":true,\"filter_grid_breakpoint\":\"m\",\"filter_grid_width\":\"auto\",\"filter_position\":\"top\",\"filter_style\":\"tab\",\"grid_default\":\"1\",\"grid_masonry\":\"next\",\"grid_medium\":\"\",\"icon_width\":80,\"image_align\":\"left\",\"image_grid_breakpoint\":\"m\",\"image_grid_width\":\"1-3\",\"image_height\":\"140\",\"image_link\":true,\"image_svg_color\":\"emphasis\",\"item_animation\":true,\"lightbox_bg_close\":true,\"link_margin\":\"medium\",\"link_style\":\"text\",\"link_text\":\"Visiter le site\",\"margin\":\"default\",\"meta_align\":\"below-title\",\"meta_color\":\"primary\",\"meta_element\":\"div\",\"meta_margin\":\"remove\",\"meta_style\":\"h5\",\"panel_padding\":\"default\",\"panel_style\":\"tile-muted\",\"show_content\":true,\"show_hover_image\":true,\"show_hover_video\":true,\"show_image\":true,\"show_link\":true,\"show_meta\":true,\"show_title\":true,\"show_video\":true,\"title_align\":\"top\",\"title_element\":\"h3\",\"title_grid_breakpoint\":\"m\",\"title_grid_width\":\"1-2\",\"title_hover_style\":\"heading\",\"title_link\":true},\"children\":[{\"type\":\"grid_item\",\"props\":{\"content\":\"\n\n\n\n<p>Le MIPIM, le plus grand march\\u00e9 international des professionnels de l\\u2019immobilier, r\\u00e9unit les plus influents acteurs de tous les secteurs de l\\u2019immobilier, offrant un acc\\u00e8s in\\u00e9gal\\u00e9 aux plus grands projets de d\\u00e9veloppement immobiliers et aux sources de capitaux \\u00e0 l\\u2019international.<\\\/p>\",\"image\":\"wp-content\\\/uploads\\\/2016\\\/05\\\/Mipim-logo.jpg\",\"link\":\"https:\\\/\\\/www.mipim.com\\\/\",\"meta\":\"Du 9 Mars au 12 Mars 2027\",\"title\":\"MIPIM \"}},{\"type\":\"grid_item\",\"props\":{\"content\":\"\n\n\n\n<p>Chaque ann\\u00e9e en avril, les plus grands distributeurs et acheteurs du monde entier participent au MIPTV pour acqu\\u00e9rir et vendre les droits des programmes de demain, forger des accords de co-production, assister aux conf\\u00e9rences mondialement r\\u00e9put\\u00e9es et networker avec les grands acteurs de l\\u2019industrie audiovisuelle. MIPTV est l\\u2019endroit id\\u00e9al pour les producteurs avant-gardistes qui lancent les contenus innovants, fa\\u00e7onnant non seulement ce que nous regardons mais aussi comment nous les regardons.<\\\/p>\",\"image\":\"wp-content\\\/uploads\\\/2016\\\/05\\\/Miptv-logo.jpg\",\"link\":\"http:\\\/\\\/www.miptv.com\\\/\",\"meta\":\"Du 23 Avril au 28 Avril 2026\",\"title\":\"MIPTV\"}},{\"type\":\"grid_item\",\"props\":{\"content\":\"Le Festival de Cannes fait r\\u00e9sonner dans le monde le Palais des Festivals et des Congr\\u00e8s de Cannes. Glamour, magique et l\\u00e9gendaire, c\\u2019est le plus important festival de cin\\u00e9ma au monde et le plus bel \\u00e9v\\u00e9nement culturel. 30 000 professionnels et passionn\\u00e9s, pr\\u00e8s de 5 000 journalistes, des dizaines de stars et une cit\\u00e9 toute enti\\u00e8re d\\u00e9di\\u00e9e au 7\\u00e8me Art. Le r\\u00f4le du Festival de Cannes dans l\\u2019\\u00e9volution du cin\\u00e9ma mondial est d\\u00e9terminant, dans l\\u2019histoire de Cannes \\u00e9galement comme dans celle du Palais des Festivals. \",\"image\":\"wp-content\\\/uploads\\\/2016\\\/05\\\/Festival_de_Cannes_logo.png\",\"link\":\"http:\\\/\\\/www.festival-cannes.com\\\/fr\\\/\",\"meta\":\"Du 12 Mai au 23 Mai 2026\",\"title\":\"Festival International du Film\"}},{\"type\":\"grid_item\",\"props\":{\"content\":\"C\\u2019est la nature m\\u00eame de Cannes que d\\u2019\\u00eatre sous le feu des projecteurs. Que ce soit ceux du cin\\u00e9ma ou de la publicit\\u00e9. Le Cannes Lions International Festival of Creativity n\\u2019a d\\u2019ailleurs plus \\u00e0 prouver son int\\u00e9r\\u00eat et sa renomm\\u00e9e puisqu\\u2019il rassemble chaque ann\\u00e9e depuis 1954 des milliers de courts-m\\u00e9trages, annonces, affiches et autres produits dans le secteur de la communication cr\\u00e9ative.\",\"image\":\"wp-content\\\/uploads\\\/2016\\\/05\\\/Cannes-Lions-logo.jpg\",\"link\":\"https:\\\/\\\/www.canneslions.com\\\/\",\"meta\":\"Du 22 Juin au 26 Juin 2026\",\"title\":\"Cannes Lions\"}},{\"type\":\"grid_item\",\"props\":{\"content\":\"Le Yachting Festival se tient chaque ann\\u00e9e au mois de septembre dans la scintillante baie de Cannes. Premier Salon nautique de la saison o\\u00f9 les avant-premi\\u00e8res mondiales sont pr\\u00e9sent\\u00e9es en exclusivit\\u00e9.\",\"image\":\"wp-content\\\/uploads\\\/2023\\\/09\\\/CYF_logo-1.png\",\"link\":\"http:\\\/\\\/www.cannesyachtingfestival.com\\\/\",\"meta\":\"Du 8 Septembre au 13 Septembre 2026\",\"title\":\"Festival International de la plaisance\"}},{\"type\":\"grid_item\",\"props\":{\"content\":\"TFWA est le rendez-vous annuel international pour l\\u2019industrie du duty free. Cet \\u00e9v\\u00e9nement unique au monde qui r\\u00e9unit plus de 3 000 marques prestigieuses se tient en octobre. Le salon est l\\u2019\\u00e9v\\u00e9nement principal de ce secteur. TFWA propose \\u00e9galement un programme de conf\\u00e9rence et de workshops o\\u00f9 se partagent id\\u00e9es, exp\\u00e9riences et o\\u00f9 se d\\u00e9veloppent des affaires.\",\"image\":\"wp-content\\\/uploads\\\/2016\\\/05\\\/TWFA-logo.png\",\"link\":\"http:\\\/\\\/www.tfwa.com\\\/duty_free\\\/Home.4.0.html\",\"meta\":\"Du 28 Septembre au 1er Octobre 2026\",\"title\":\"Tax Free\"}},{\"type\":\"grid_item\",\"props\":{\"content\":\"\n\n\n\n<p>MIPCOM est le leader mondial des contenus audiovisuels pour la cr\\u00e9ation, la co-production, l\\u2019achat, la vente, le financement et la distribution des contenus sur toutes les plateformes (media, tv, mobile, cin\\u00e9ma, internet, etc.).<\\\/p>\",\"image\":\"wp-content\\\/uploads\\\/2016\\\/05\\\/Mipcom-logo.png\",\"link\":\"http:\\\/\\\/www.mipcom.com\\\/\",\"meta\":\"Du 12 Octobre au 15 Octobre 2026\",\"title\":\"MIPCOM\"}},{\"type\":\"grid_item\",\"props\":{\"content\":\"\n\n\n\n<p>Le salon MARE DI MODA \\u00e0 Cannes est la plus c\\u00e9l\\u00e8bre session d\\u2019affaires pour tous les professionnels qui recherchent le prestige dans la mode des v\\u00eatements de plage et des dessous.<\\\/p>\",\"image\":\"wp-content\\\/uploads\\\/2016\\\/05\\\/MdM_logo.jpg\",\"link\":\"http:\\\/\\\/www.maredimoda.com\\\/cannes\\\/cannes-2016\\\/index.html?L=1\",\"meta\":\"Du 27 Octobre au 29 Octobre 2026\",\"title\":\"Mare Di Moda\"}},{\"type\":\"grid_item\",\"props\":{\"content\":\"Le MAPIC rassemble plus de 8 500 participants internationaux, dont plus de 2 100 enseignes. Durant 3 jours d\\u2019exposition, de conf\\u00e9rences et d\\u2019\\u00e9v\\u00e9nements de networking, le MAPIC r\\u00e9unit tout type d\\u2019immobilier de commerce : centres commerciaux, villes, magasins d\\u2019usine, zones de loisirs et de transit. Le salon MAPIC permet aux diff\\u00e9rents acteurs de sceller de nouveaux partenariats mais \\u00e9galement d\\u2019\\u00eatre \\u00e0 la pointe des derni\\u00e8res innovations du secteur avec les espaces d\\u00e9di\\u00e9s, Innovation Forum et Leisure Area.\",\"image\":\"wp-content\\\/uploads\\\/2016\\\/05\\\/Mapic-logo.png\",\"link\":\"http:\\\/\\\/www.mapic.com\\\/\",\"meta\":\"Du 4 Novembre au 5 Novembre 2026\",\"title\":\"MAPIC\"}},{\"type\":\"grid_item\",\"props\":{\"content\":\"L\\u2019International Luxury Travel Market (ILTM) est le principal \\u00e9v\\u00e9nement pour l\\u2019industrie business-to-business du voyage de luxe. Cannes accueille le salon international du tourisme et du voyage de   luxe. ILTM repr\\u00e9sente la plus forte concentration au monde de professionnels du voyage haut de gamme.\",\"image\":\"wp-content\\\/uploads\\\/2019\\\/12\\\/iltm-international-luxury-travel-market-8580-1.gif\",\"link\":\"http:\\\/\\\/www.iltm.com\\\/\",\"meta\":\"Du 30 Novembre  au 3 D\\u00e9cembre 2026\",\"title\":\"ILTM\"}}]}]},{\"type\":\"column\",\"props\":{\"image_position\":\"center-center\",\"position_sticky_breakpoint\":\"m\",\"width_medium\":\"1-3\"},\"children\":[{\"type\":\"module_position\",\"props\":{\"breakpoint\":\"m\",\"content\":\"sidebar\",\"layout\":\"stack\"}}]}],\"props\":{\"layout\":\"2-3,1-3\"}}]}],\"version\":\"4.5.32\"} --><\/p>\n","protected":false},"excerpt":{"rendered":"<p>\u00c9v\u00e9nements MIPIM Du 9 Mars au 12 Mars 2027 Le MIPIM, le plus grand march\u00e9 international des professionnels de l\u2019immobilier, r\u00e9unit les plus influents acteurs de tous les secteurs de l\u2019immobilier, offrant un acc\u00e8s in\u00e9gal\u00e9 aux plus grands projets de d\u00e9veloppement immobiliers et aux sources de capitaux \u00e0 l\u2019international. Visiter le site MIPTV Du 23 [&hellip;]<\/p>\n","protected":false},"author":4,"featured_media":0,"parent":0,"menu_order":0,"comment_status":"closed","ping_status":"closed","template":"","meta":{"_acf_changed":false,"footnotes":""},"class_list":["post-154","page","type-page","status-publish","hentry"],"acf":[],"_links":{"self":[{"href":"https:\/\/www.appartementlocationcannes.com\/en\/wp-json\/wp\/v2\/pages\/154","targetHints":{"allow":["GET"]}}],"collection":[{"href":"https:\/\/www.appartementlocationcannes.com\/en\/wp-json\/wp\/v2\/pages"}],"about":[{"href":"https:\/\/www.appartementlocationcannes.com\/en\/wp-json\/wp\/v2\/types\/page"}],"author":[{"embeddable":true,"href":"https:\/\/www.appartementlocationcannes.com\/en\/wp-json\/wp\/v2\/users\/4"}],"replies":[{"embeddable":true,"href":"https:\/\/www.appartementlocationcannes.com\/en\/wp-json\/wp\/v2\/comments?post=154"}],"version-history":[{"count":92,"href":"https:\/\/www.appartementlocationcannes.com\/en\/wp-json\/wp\/v2\/pages\/154\/revisions"}],"predecessor-version":[{"id":13204,"href":"https:\/\/www.appartementlocationcannes.com\/en\/wp-json\/wp\/v2\/pages\/154\/revisions\/13204"}],"wp:attachment":[{"href":"https:\/\/www.appartementlocationcannes.com\/en\/wp-json\/wp\/v2\/media?parent=154"}],"curies":[{"name":"wp","href":"https:\/\/api.w.org\/{rel}","templated":true}]}}